{"id":8,"date":"2024-11-16T22:27:34","date_gmt":"2024-11-16T21:27:34","guid":{"rendered":"https:\/\/amis-orgue.micandel.net\/?page_id=8"},"modified":"2026-03-19T22:40:46","modified_gmt":"2026-03-19T21:40:46","slug":"accueil","status":"publish","type":"page","link":"https:\/\/amis-orgue-musique-grenoble.fr\/","title":{"rendered":"Accueil"},"content":{"rendered":"\r\n<figure class=\"wp-block-image size-large is-resized\"><img loading=\"lazy\" decoding=\"async\" width=\"1024\" height=\"583\" class=\"wp-image-49\" style=\"width: 1200px; height: auto;\" src=\"http:\/\/amis-orgue.micandel.net\/wp-content\/uploads\/2024\/12\/Orgue_r-1024x583.jpg\" alt=\"Orgue\" srcset=\"https:\/\/amis-orgue.micandel.net\/wp-content\/uploads\/2024\/12\/Orgue_r-1024x583.jpg 1024w, https:\/\/amis-orgue.micandel.net\/wp-content\/uploads\/2024\/12\/Orgue_r-300x171.jpg 300w, https:\/\/amis-orgue.micandel.net\/wp-content\/uploads\/2024\/12\/Orgue_r-768x437.jpg 768w, https:\/\/amis-orgue.micandel.net\/wp-content\/uploads\/2024\/12\/Orgue_r-1536x875.jpg 1536w\" sizes=\"auto, (max-width: 1024px) 100vw, 1024px\" \/><\/figure>\r\n\r\n\r\n\r\n<h2 class=\"wp-block-heading\">Bienvenue sur le site des Amis de l&rsquo;Orgue et de la Musique au Temple de Grenoble<\/h2>\r\n\r\n\r\n\r\n<div class=\"wp-block-columns is-layout-flex wp-container-core-columns-is-layout-28f84493 wp-block-columns-is-layout-flex\">\r\n<div class=\"wp-block-column is-layout-flow wp-block-column-is-layout-flow\" style=\"flex-basis: 66.66%;\">\r\n<figure class=\"wp-block-video\"><video style=\"aspect-ratio: 1280 \/ 720;\" src=\"http:\/\/amis-orgue.micandel.net\/wp-content\/uploads\/2024\/12\/Flute-Hatikva-1.mp4\" controls=\"controls\" width=\"1280\" height=\"720\"><\/video><\/figure>\r\n\r\n\r\n\r\n<p>&nbsp;<\/p>\r\n<\/div>\r\n\r\n\r\n\r\n<div class=\"wp-block-column is-layout-flow wp-block-column-is-layout-flow\" style=\"flex-basis: 33.33%;\">\r\n<figure class=\"wp-block-image aligncenter size-full\"><img loading=\"lazy\" decoding=\"async\" width=\"190\" height=\"196\" class=\"wp-image-48\" src=\"http:\/\/amis-orgue.micandel.net\/wp-content\/uploads\/2024\/12\/Logo_sanscadre.jpg\" alt=\"\" \/><\/figure>\r\n<\/div>\r\n<\/div>\r\n\r\n\r\n\r\n<p>&nbsp;<\/p>\r\n\r\n\r\n\r\n<h2 class=\"wp-block-heading\"><strong>Qui sommes-nous ?<\/strong><\/h2>\r\n\r\n\r\n\r\n<p>L\u2019association des Amis de l\u2019Orgue et de la musique de l\u2019Eglise Protestante Unie de Grenoble a \u00e9t\u00e9 cr\u00e9\u00e9e en 1974\u00a0; L\u2019organisation des concerts d\u2019orgue a permis de financer en partie la reconstruction de celui-ci. En 2007, il fut enti\u00e8rement reconstruit par le facteur d\u2019orgue is\u00e9rois Jacques NONNET. Il est compos\u00e9 actuellement de 23 jeux r\u00e9partis sur 3 claviers.<\/p>\r\n\r\n\r\n\r\n<p>En 2012, l\u2019acquisition d\u2019un piano \u00e0 queue a donn\u00e9 de nouvelles possibilit\u00e9s de concerts. Nous offrons d\u00e9sormais \u00e0 un public fid\u00e8le une gamme de manifestations musicales diverses : orgue seul ou accompagn\u00e9, musique de chambre, r\u00e9cital de piano et ensemble vocal.<\/p>\r\n\r\n\r\n\r\n<p>Les concerts au temple, <strong>un par mois \u00e0 17h 30 le dimanche<\/strong> <strong>entre septembre et mai\/juin, <\/strong>sont devenus un rendez-vous connu et appr\u00e9ci\u00e9 sur la r\u00e9gion grenobloise.<\/p>\r\n\r\n\r\n\r\n<p><strong>Programmation de l\u2019ann\u00e9e 202-202<\/strong>6<\/p>\r\n\r\n\r\n\r\n<p><strong>9 concerts, r\u00e9partis entre 3 concerts avec orgue seul ou avec ch\u0153ur, 3 ensembles de musique de chambre, 3 ensembles vocaux, ce qui assure une diversit\u00e9 appr\u00e9ci\u00e9e par notre public<\/strong><\/p>\r\n\r\n\r\n\r\n<figure class=\"wp-block-table\">\r\n<table class=\"has-fixed-layout\">\r\n<tbody>\r\n<tr>\r\n<td><a href=\"https:\/\/amis-orgue.micandel.net\/?page_id=179\/#prog1\" data-type=\"page\" data-id=\"84\">Dimanche 21 septembre 202<\/a>5 \u00e0 17 h 30<br \/>Journ\u00e9e du patrimoine<br \/>R\u00e9cital d\u2019orgue par J. Helmstetter<\/td>\r\n<td><a href=\"https:\/\/amis-orgue.micandel.net\/?page_id=179\/#prog2\" data-type=\"page\" data-id=\"84\">Dimanche 12 octobre 202<\/a>5 \u00e0 17 h 30<br \/>L\u2019\u00e2me slave, Violoncelle et piano<br \/>Elisabeth BOUANICHE, Laurence GARCIN<\/td>\r\n<td><a href=\"https:\/\/amis-orgue.micandel.net\/?page_id=179\/#prog3\" data-type=\"page\" data-id=\"84\">Dimanche 23novembre 202<\/a>5 \u00e0 17 h 30<br \/>Ensemble AURAGE Sextuor \u00e0 vent<br \/>Mel BONIS, Lili BOULANGER, Andr\u00e9 ROUSSEL<\/td>\r\n<\/tr>\r\n<tr>\r\n<td><a href=\"https:\/\/amis-orgue.micandel.net\/?page_id=179\/#prog4\" data-type=\"page\" data-id=\"84\">Dimanche 30 novembre 202<\/a>5 \u00e0 17 h 30<br \/>Anne LAFFILHE et son quatuor vocal<br \/>De Josquin des Prez \u00e0 Claude Debussy<\/td>\r\n<td><a href=\"https:\/\/amis-orgue.micandel.net\/?page_id=179\/#prog5\" data-type=\"page\" data-id=\"84\">dimanche 8 mars 202<\/a>6 \u00e0 17 h 30<br \/>Sonates et concertos pour orgue et cordes<br \/>Yves RASSENDREN \u00e0 l\u2019orgue<br \/>Katia et Laurent LAGRESLE, violons<br \/>Philippe BADIN, violoncelle<\/td>\r\n<td><a href=\"https:\/\/amis-orgue.micandel.net\/?page_id=179\/#prog6\">Vendredi 27 mars \u00e0 20 h 30 et Dimanche 29 mars 2026 \u00e0 17 h 30<\/a><br \/>La Cantate au Temple<br \/>Classe de musique ancienne et de chant du Conservatoire de Musique de Grenoble<br \/>Direction : Augustin d\u2019ARCO<\/td>\r\n<\/tr>\r\n<tr>\r\n<td><a href=\"https:\/\/amis-orgue.micandel.net\/?page_id=179\/#prog7\" data-type=\"page\" data-id=\"84\">Dimanche 26 avril 202<\/a>6 \u00e0 17 h 30<br \/>Trio Les Menus-Plaisirs : Musiques au temps des lumi\u00e8res<br \/>Cl\u00e9ment ZANNI, flute traversi\u00e8re<br \/>Manon Chapelle, viole de gambe<br \/>Julien Morel, clavecin et orgue<\/td>\r\n<td><a href=\"https:\/\/amis-orgue.micandel.net\/?page_id=179\/#prog8\" data-type=\"page\" data-id=\"84\">Dimanche 10 mai 202<\/a>6 \u00e0 17 h 30<br \/>Le jour de l\u2019orgue<br \/>\u00ab\u00a0Fantaisie &amp; Cie\u00a0\u00bb<br \/>R\u00e9cital de Jean-Paul RAVEL<br \/>Bach, Mozart, Saint-Sa\u00ebns\u2026.<\/td>\r\n<td><a href=\"https:\/\/amis-orgue.micandel.net\/?page_id=179\/#prog9\" data-type=\"page\" data-id=\"84\">Dimanche 31 mai 202<\/a>6 \u00e0 17 h 30<br \/>Tsigane, Nocturne &amp; Archiduc<br \/>Violetta COUTAZ, piano<br \/>Ignace JANG, violon<br \/>Antoine RENON, violoncelle<br \/>Haydn, Schubert, Beethoven<\/td>\r\n<\/tr>\r\n<\/tbody>\r\n<\/table>\r\n<\/figure>\r\n\r\n\r\n\r\n<p><strong>Plus de d\u00e9tails en t\u00e9l\u00e9chargeant le<\/strong> <a href=\"http:\/\/amis-orgue.micandel.net\/wp-content\/uploads\/2026\/02\/Triptyque-Concerts-2025-2026.pdf\">tryptique 2025-2026<\/a><\/p>\r\n\r\n\r\n\r\n<p>&nbsp;<\/p>\r\n","protected":false},"excerpt":{"rendered":"<p>Bienvenue sur le site des Amis de l&rsquo;Orgue et de la Musique au Temple de Grenoble &nbsp; &nbsp; Qui sommes-nous [&hellip;]<\/p>\n","protected":false},"author":1,"featured_media":0,"parent":0,"menu_order":0,"comment_status":"closed","ping_status":"closed","template":"","meta":{"site-sidebar-layout":"default","site-content-layout":"","ast-site-content-layout":"default","site-content-style":"default","site-sidebar-style":"default","ast-global-header-display":"","ast-banner-title-visibility":"","ast-main-header-display":"","ast-hfb-above-header-display":"","ast-hfb-below-header-display":"","ast-hfb-mobile-header-display":"","site-post-title":"","ast-breadcrumbs-content":"","ast-featured-img":"","footer-sml-layout":"","ast-disable-related-posts":"","theme-transparent-header-meta":"default","adv-header-id-meta":"","stick-header-meta":"","header-above-stick-meta":"","header-main-stick-meta":"","header-below-stick-meta":"","astra-migrate-meta-layouts":"set","ast-page-background-enabled":"default","ast-page-background-meta":{"desktop":{"background-color":"var(--ast-global-color-4)","background-image":"","background-repeat":"repeat","background-position":"center center","background-size":"auto","background-attachment":"scroll","background-type":"","background-media":"","overlay-type":"","overlay-color":"","overlay-opacity":"","overlay-gradient":""},"tablet":{"background-color":"","background-image":"","background-repeat":"repeat","background-position":"center center","background-size":"auto","background-attachment":"scroll","background-type":"","background-media":"","overlay-type":"","overlay-color":"","overlay-opacity":"","overlay-gradient":""},"mobile":{"background-color":"","background-image":"","background-repeat":"repeat","background-position":"center center","background-size":"auto","background-attachment":"scroll","background-type":"","background-media":"","overlay-type":"","overlay-color":"","overlay-opacity":"","overlay-gradient":""}},"ast-content-background-meta":{"desktop":{"background-color":"var(--ast-global-color-5)","background-image":"","background-repeat":"repeat","background-position":"center center","background-size":"auto","background-attachment":"scroll","background-type":"","background-media":"","overlay-type":"","overlay-color":"","overlay-opacity":"","overlay-gradient":""},"tablet":{"background-color":"var(--ast-global-color-5)","background-image":"","background-repeat":"repeat","background-position":"center center","background-size":"auto","background-attachment":"scroll","background-type":"","background-media":"","overlay-type":"","overlay-color":"","overlay-opacity":"","overlay-gradient":""},"mobile":{"background-color":"var(--ast-global-color-5)","background-image":"","background-repeat":"repeat","background-position":"center center","background-size":"auto","background-attachment":"scroll","background-type":"","background-media":"","overlay-type":"","overlay-color":"","overlay-opacity":"","overlay-gradient":""}},"footnotes":""},"folder":[],"class_list":["post-8","page","type-page","status-publish","hentry"],"_links":{"self":[{"href":"https:\/\/amis-orgue-musique-grenoble.fr\/index.php?rest_route=\/wp\/v2\/pages\/8","targetHints":{"allow":["GET"]}}],"collection":[{"href":"https:\/\/amis-orgue-musique-grenoble.fr\/index.php?rest_route=\/wp\/v2\/pages"}],"about":[{"href":"https:\/\/amis-orgue-musique-grenoble.fr\/index.php?rest_route=\/wp\/v2\/types\/page"}],"author":[{"embeddable":true,"href":"https:\/\/amis-orgue-musique-grenoble.fr\/index.php?rest_route=\/wp\/v2\/users\/1"}],"replies":[{"embeddable":true,"href":"https:\/\/amis-orgue-musique-grenoble.fr\/index.php?rest_route=%2Fwp%2Fv2%2Fcomments&post=8"}],"version-history":[{"count":29,"href":"https:\/\/amis-orgue-musique-grenoble.fr\/index.php?rest_route=\/wp\/v2\/pages\/8\/revisions"}],"predecessor-version":[{"id":206,"href":"https:\/\/amis-orgue-musique-grenoble.fr\/index.php?rest_route=\/wp\/v2\/pages\/8\/revisions\/206"}],"wp:attachment":[{"href":"https:\/\/amis-orgue-musique-grenoble.fr\/index.php?rest_route=%2Fwp%2Fv2%2Fmedia&parent=8"}],"wp:term":[{"taxonomy":"folder","embeddable":true,"href":"https:\/\/amis-orgue-musique-grenoble.fr\/index.php?rest_route=%2Fwp%2Fv2%2Ffolder&post=8"}],"curies":[{"name":"wp","href":"https:\/\/api.w.org\/{rel}","templated":true}]}}